{"id":27,"date":"2017-12-25T22:54:18","date_gmt":"2017-12-25T21:54:18","guid":{"rendered":"http:\/\/127.0.0.1\/wordpress\/?page_id=27"},"modified":"2026-03-09T21:23:19","modified_gmt":"2026-03-09T20:23:19","slug":"h-aktiv-gutschein","status":"publish","type":"page","link":"https:\/\/hauzenberg-aktiv.de\/?page_id=27","title":{"rendered":"H! aktiv Gutschein"},"content":{"rendered":"<div class=\"wpb-content-wrapper\"><p>[vc_row header_feature=&#8220;yes&#8220; margin_bottom=&#8220;0&#8243; padding_top=&#8220;120&#8243; padding_bottom=&#8220;50&#8243;][vc_column width=&#8220;1\/3&#8243;][\/vc_column][vc_column width=&#8220;2\/3&#8243;][vc_column_text text_style=&#8220;leader-text&#8220;]<\/p>\n<h2>Ein Gutschein <i class=\"eut-color-primary-1 fa fa-tag\"><\/i> f\u00fcr fast 100 Gesch\u00e4fte und Dienstleister<\/h2>\n<p>[\/vc_column_text][\/vc_column][\/vc_row][vc_row section_id=&#8220;first&#8220; margin_bottom=&#8220;70&#8243;][vc_column width=&#8220;1\/3&#8243;][vc_column_text css=&#8220;&#8220; animation=&#8220;fadeInLeft&#8220; animation_delay=&#8220;300&#8243;]Erh\u00e4ltlich bei:<br \/>\n&#8211; Foto D\u00fcnnbier (Marktplatz 5)<br \/>\n&#8211; Hagel Malerei &amp; Raumdesign (Fritz-Weidinger-Str. 2)<br \/>\n(jeweils zu den \u00fcblichen Gesch\u00e4ftszeiten)<\/p>\n<p>Die Gutscheine k\u00f6nnen bei Foto D\u00fcnnbier ab sofort auch bequem mit EC- bzw. Bankkarte bezahlt werden.[\/vc_column_text][\/vc_column][vc_column width=&#8220;2\/3&#8243;][vc_column_text text_style=&#8220;leader-text&#8220;]Schenken ist ohne Zweifel eine gro\u00dfe Freude. Und beschenkt werden in der Regel auch. Aber leider trifft man bei der Suche nach einem passenden Geschenk erfahrungsgem\u00e4\u00df nicht immer ins Schwarze. Mit einem Gutschein ist man dabei meist auf der sicheren Seite. Oder etwa doch nicht? F\u00fcr welches Gesch\u00e4ft oder welche Dienstleistung wollen Sie denn Geld ausgeben, um richtig zu liegen?<\/p>\n<p>Am besten, Sie \u00fcberlassen dem Beschenkten die freie Auswahl &#8211; mit dem <strong>H! Hauzenberg aktiv-Gutschein<\/strong>. Einzul\u00f6sen bei allen Mitgliedern des Wirtschaftskreises. Mehr Freiheit f\u00fcr mehr Freude k\u00f6nnen Sie nicht schenken!<br \/>\nAuch ideal als Aufmerksamkeit f\u00fcr Ihre Kunden und Mitarbeiter.[\/vc_column_text][\/vc_column][\/vc_row][vc_row section_id=&#8220;first&#8220; margin_bottom=&#8220;70&#8243;][vc_column width=&#8220;1\/3&#8243;][\/vc_column][vc_column width=&#8220;2\/3&#8243;]<div class=\"eut-element eut-image eut-align-center\" style=\"\"><img loading=\"lazy\" decoding=\"async\" width=\"1920\" height=\"1080\" src=\"https:\/\/hauzenberg-aktiv.de\/wp-content\/uploads\/gutschein_feature.jpg\" class=\"attachment-full size-full\" alt=\"\" srcset=\"https:\/\/hauzenberg-aktiv.de\/wp-content\/uploads\/gutschein_feature.jpg 1920w, https:\/\/hauzenberg-aktiv.de\/wp-content\/uploads\/gutschein_feature-600x338.jpg 600w, https:\/\/hauzenberg-aktiv.de\/wp-content\/uploads\/gutschein_feature-300x169.jpg 300w, https:\/\/hauzenberg-aktiv.de\/wp-content\/uploads\/gutschein_feature-768x432.jpg 768w, https:\/\/hauzenberg-aktiv.de\/wp-content\/uploads\/gutschein_feature-1024x576.jpg 1024w, https:\/\/hauzenberg-aktiv.de\/wp-content\/uploads\/gutschein_feature-1170x658.jpg 1170w, https:\/\/hauzenberg-aktiv.de\/wp-content\/uploads\/gutschein_feature-800x450.jpg 800w\" sizes=\"auto, (max-width: 1920px) 100vw, 1920px\" \/><\/div>[\/vc_column][\/vc_row]<\/p>\n<\/div>","protected":false},"excerpt":{"rendered":"<p>[vc_row header_feature=&#8220;yes&#8220; margin_bottom=&#8220;0&#8243; padding_top=&#8220;120&#8243; padding_bottom=&#8220;50&#8243;][vc_column width=&#8220;1\/3&#8243;][\/vc_column][vc_column width=&#8220;2\/3&#8243;][vc_column_text text_style=&#8220;leader-text&#8220;] Ein Gutschein f\u00fcr fast 100 Gesch\u00e4fte und Dienstleister [\/vc_column_text][\/vc_column][\/vc_row][vc_row section_id=&#8220;first&#8220; margin_bottom=&#8220;70&#8243;][vc_column width=&#8220;1\/3&#8243;][vc_column_text css=&#8220;&#8220; animation=&#8220;fadeInLeft&#8220; animation_delay=&#8220;300&#8243;]Erh\u00e4ltlich bei: &#8211; Foto D\u00fcnnbier (Marktplatz 5) &#8211; Hagel Malerei &amp; Raumdesign (Fritz-Weidinger-Str. 2) (jeweils zu den \u00fcblichen Gesch\u00e4ftszeiten) Die Gutscheine k\u00f6nnen bei Foto D\u00fcnnbier ab sofort auch bequem mit EC- bzw. Bankkarte [&hellip;]<\/p>\n","protected":false},"author":1,"featured_media":1172,"parent":0,"menu_order":5,"comment_status":"closed","ping_status":"closed","template":"","meta":{"footnotes":""},"class_list":["post-27","page","type-page","status-publish","has-post-thumbnail","hentry"],"_links":{"self":[{"href":"https:\/\/hauzenberg-aktiv.de\/index.php?rest_route=\/wp\/v2\/pages\/27","targetHints":{"allow":["GET"]}}],"collection":[{"href":"https:\/\/hauzenberg-aktiv.de\/index.php?rest_route=\/wp\/v2\/pages"}],"about":[{"href":"https:\/\/hauzenberg-aktiv.de\/index.php?rest_route=\/wp\/v2\/types\/page"}],"author":[{"embeddable":true,"href":"https:\/\/hauzenberg-aktiv.de\/index.php?rest_route=\/wp\/v2\/users\/1"}],"replies":[{"embeddable":true,"href":"https:\/\/hauzenberg-aktiv.de\/index.php?rest_route=%2Fwp%2Fv2%2Fcomments&post=27"}],"version-history":[{"count":33,"href":"https:\/\/hauzenberg-aktiv.de\/index.php?rest_route=\/wp\/v2\/pages\/27\/revisions"}],"predecessor-version":[{"id":2645,"href":"https:\/\/hauzenberg-aktiv.de\/index.php?rest_route=\/wp\/v2\/pages\/27\/revisions\/2645"}],"wp:featuredmedia":[{"embeddable":true,"href":"https:\/\/hauzenberg-aktiv.de\/index.php?rest_route=\/wp\/v2\/media\/1172"}],"wp:attachment":[{"href":"https:\/\/hauzenberg-aktiv.de\/index.php?rest_route=%2Fwp%2Fv2%2Fmedia&parent=27"}],"curies":[{"name":"wp","href":"https:\/\/api.w.org\/{rel}","templated":true}]}}