{"id":30,"date":"2017-12-25T23:16:02","date_gmt":"2017-12-25T22:16:02","guid":{"rendered":"http:\/\/127.0.0.1\/wordpress\/?page_id=30"},"modified":"2026-03-17T21:07:25","modified_gmt":"2026-03-17T20:07:25","slug":"umgschaut","status":"publish","type":"page","link":"https:\/\/hauzenberg-aktiv.de\/?page_id=30","title":{"rendered":"umg\u00b4schaut &#8211; Das Regionalmagazin"},"content":{"rendered":"<div class=\"wpb-content-wrapper\"><p>[vc_row section_type=&#8220;fullwidth-element&#8220; bg_type=&#8220;color&#8220; header_feature=&#8220;yes&#8220; margin_bottom=&#8220;0&#8243;][vc_column width=&#8220;2\/3&#8243; tablet_width=&#8220;1&#8243; css=&#8220;.vc_custom_1438368856577{padding-top: 40px !important;padding-right: 40px !important;padding-left: 40px !important;}&#8220;]<div class=\"eut-element eut-image eut-align-center\" style=\"margin-bottom: 40px;\"><img loading=\"lazy\" decoding=\"async\" width=\"1920\" height=\"1080\" src=\"https:\/\/hauzenberg-aktiv.de\/wp-content\/uploads\/umgschaut_feature_01.jpg\" class=\"attachment-full size-full\" alt=\"\" srcset=\"https:\/\/hauzenberg-aktiv.de\/wp-content\/uploads\/umgschaut_feature_01.jpg 1920w, https:\/\/hauzenberg-aktiv.de\/wp-content\/uploads\/umgschaut_feature_01-600x338.jpg 600w, https:\/\/hauzenberg-aktiv.de\/wp-content\/uploads\/umgschaut_feature_01-300x169.jpg 300w, https:\/\/hauzenberg-aktiv.de\/wp-content\/uploads\/umgschaut_feature_01-768x432.jpg 768w, https:\/\/hauzenberg-aktiv.de\/wp-content\/uploads\/umgschaut_feature_01-1024x576.jpg 1024w, https:\/\/hauzenberg-aktiv.de\/wp-content\/uploads\/umgschaut_feature_01-1170x658.jpg 1170w, https:\/\/hauzenberg-aktiv.de\/wp-content\/uploads\/umgschaut_feature_01-800x450.jpg 800w\" sizes=\"auto, (max-width: 1920px) 100vw, 1920px\" \/><\/div><div class=\"eut-element eut-image eut-align-center\" style=\"margin-bottom: 40px;\"><img loading=\"lazy\" decoding=\"async\" width=\"1920\" height=\"1080\" src=\"https:\/\/hauzenberg-aktiv.de\/wp-content\/uploads\/umgschaut_feature_02.jpg\" class=\"attachment-full size-full\" alt=\"\" srcset=\"https:\/\/hauzenberg-aktiv.de\/wp-content\/uploads\/umgschaut_feature_02.jpg 1920w, https:\/\/hauzenberg-aktiv.de\/wp-content\/uploads\/umgschaut_feature_02-600x338.jpg 600w, https:\/\/hauzenberg-aktiv.de\/wp-content\/uploads\/umgschaut_feature_02-300x169.jpg 300w, https:\/\/hauzenberg-aktiv.de\/wp-content\/uploads\/umgschaut_feature_02-768x432.jpg 768w, https:\/\/hauzenberg-aktiv.de\/wp-content\/uploads\/umgschaut_feature_02-1024x576.jpg 1024w, https:\/\/hauzenberg-aktiv.de\/wp-content\/uploads\/umgschaut_feature_02-1170x658.jpg 1170w, https:\/\/hauzenberg-aktiv.de\/wp-content\/uploads\/umgschaut_feature_02-800x450.jpg 800w\" sizes=\"auto, (max-width: 1920px) 100vw, 1920px\" \/><\/div><div class=\"eut-element eut-image eut-align-center\" style=\"\"><img loading=\"lazy\" decoding=\"async\" width=\"1920\" height=\"1080\" src=\"https:\/\/hauzenberg-aktiv.de\/wp-content\/uploads\/umgschaut_feature_03.jpg\" class=\"attachment-full size-full\" alt=\"\" srcset=\"https:\/\/hauzenberg-aktiv.de\/wp-content\/uploads\/umgschaut_feature_03.jpg 1920w, https:\/\/hauzenberg-aktiv.de\/wp-content\/uploads\/umgschaut_feature_03-600x338.jpg 600w, https:\/\/hauzenberg-aktiv.de\/wp-content\/uploads\/umgschaut_feature_03-300x169.jpg 300w, https:\/\/hauzenberg-aktiv.de\/wp-content\/uploads\/umgschaut_feature_03-768x432.jpg 768w, https:\/\/hauzenberg-aktiv.de\/wp-content\/uploads\/umgschaut_feature_03-1024x576.jpg 1024w, https:\/\/hauzenberg-aktiv.de\/wp-content\/uploads\/umgschaut_feature_03-1170x658.jpg 1170w, https:\/\/hauzenberg-aktiv.de\/wp-content\/uploads\/umgschaut_feature_03-800x450.jpg 800w\" sizes=\"auto, (max-width: 1920px) 100vw, 1920px\" \/><\/div>[\/vc_column][vc_column width=&#8220;1\/3&#8243; tablet_width=&#8220;1&#8243; css=&#8220;.vc_custom_1438368863383{padding-top: 5% !important;padding-right: 5% !important;padding-bottom: 5% !important;padding-left: 5% !important;}&#8220;]<h1 class=\"eut-element eut-align-left eut-title-line\" style=\"\"><span>umg\u00b4schaut - Das Regionalmagazin<\/span><\/h1>[vc_column_text animation_delay=&#8220;300&#8243;]<\/p>\n<p style=\"text-align: justify;\">umg\u00b4schaut ist das Regionalmagazin f\u00fcr die Region Thyrnau, Kellberg, Obernzell, Wegscheid, Hauzenberg, Breitenberg, Sonnen und Untergriesbach sowie f\u00fcr das ober\u00f6sterreichische Grenzgebiet Neustift, Julbach, Oberkappel und Kollerschlag. Wir berichten \u00fcber Veranstaltungen und Aktionen der Werbegemeinschaften, Vereine und Veranstalter dieser Orte zusammen mit Lesens- und Wissenswertem aus der Region.<\/p>\n<p style=\"text-align: justify;\">Das Regionalmagazin umg\u00b4schaut steht f\u00fcr eine <strong>STARKE REGION<\/strong> &#8211; sind Sie schon dabei?!<\/p>\n<p>[\/vc_column_text]<div class=\"eut-element eut-box-icon eut-align-left eut-small\" style=\"\"><a href=\"http:\/\/hauzenberg-aktiv.de\/wp-content\/uploads\/umgschaut_fruehling_2026.pdf\" target=\"_blank\">  <div class=\"eut-wrapper-icon eut-no-shape eut-color-grey\"><i class=\"vc_li vc_li-eye eut-color-primary-1\"><\/i><\/div><\/a>  <div class=\"eut-box-content\"><a href=\"http:\/\/hauzenberg-aktiv.de\/wp-content\/uploads\/umgschaut_fruehling_2026.pdf\" target=\"_blank\">      <h4 class=\"eut-box-title\">Die aktuelle \u00bbumg\u00b4schaut\u00ab online lesen<\/h4><\/a>    <p class=\"\">Lesen Sie die aktuelle Ausgabe der umg\u00b4schaut<\/p>  <\/div><\/div><div class=\"eut-element eut-box-icon eut-align-left eut-small\" style=\"\">  <div class=\"eut-wrapper-icon eut-no-shape eut-color-grey\"><i class=\"vc_li vc_li-note eut-color-primary-1\"><\/i><\/div>  <div class=\"eut-box-content\">      <h4 class=\"eut-box-title\">Auflage und Verteilung<\/h4>    <p class=\"\">Unsere 12.500 Exemplare werden kostenlos mit der Deutschen und \u00d6sterreichischen Post zuverl\u00e4ssig an alle Haushalte des Verteilgebietes mit der Tagespost zugestellt (Ausnahme Werbeverweigerer). Zus\u00e4tzlich liegen die Exemplare noch in einigen Gesch\u00e4ften aus. Das bedeutet: Sichere und zuverl\u00e4ssige Zustellung mit der Tagespost &#8211; eine enorme Steigerung der Aufmerksamkeit bei unseren Lesern!<\/p>\n<p>Wir freuen uns auf Sie!<\/p>  <\/div><\/div>[\/vc_column][\/vc_row]<\/p>\n<\/div>","protected":false},"excerpt":{"rendered":"<p>[vc_row section_type=&#8220;fullwidth-element&#8220; bg_type=&#8220;color&#8220; header_feature=&#8220;yes&#8220; margin_bottom=&#8220;0&#8243;][vc_column width=&#8220;2\/3&#8243; tablet_width=&#8220;1&#8243; css=&#8220;.vc_custom_1438368856577{padding-top: 40px !important;padding-right: 40px !important;padding-left: 40px !important;}&#8220;][\/vc_column][vc_column width=&#8220;1\/3&#8243; tablet_width=&#8220;1&#8243; css=&#8220;.vc_custom_1438368863383{padding-top: 5% !important;padding-right: 5% !important;padding-bottom: 5% !important;padding-left: 5% !important;}&#8220;][vc_column_text animation_delay=&#8220;300&#8243;] umg\u00b4schaut ist das Regionalmagazin f\u00fcr die Region Thyrnau, Kellberg, Obernzell, Wegscheid, Hauzenberg, Breitenberg, Sonnen und Untergriesbach sowie f\u00fcr das ober\u00f6sterreichische Grenzgebiet Neustift, Julbach, Oberkappel und Kollerschlag. Wir berichten \u00fcber [&hellip;]<\/p>\n","protected":false},"author":1,"featured_media":1200,"parent":0,"menu_order":6,"comment_status":"closed","ping_status":"closed","template":"","meta":{"footnotes":""},"class_list":["post-30","page","type-page","status-publish","has-post-thumbnail","hentry"],"_links":{"self":[{"href":"https:\/\/hauzenberg-aktiv.de\/index.php?rest_route=\/wp\/v2\/pages\/30","targetHints":{"allow":["GET"]}}],"collection":[{"href":"https:\/\/hauzenberg-aktiv.de\/index.php?rest_route=\/wp\/v2\/pages"}],"about":[{"href":"https:\/\/hauzenberg-aktiv.de\/index.php?rest_route=\/wp\/v2\/types\/page"}],"author":[{"embeddable":true,"href":"https:\/\/hauzenberg-aktiv.de\/index.php?rest_route=\/wp\/v2\/users\/1"}],"replies":[{"embeddable":true,"href":"https:\/\/hauzenberg-aktiv.de\/index.php?rest_route=%2Fwp%2Fv2%2Fcomments&post=30"}],"version-history":[{"count":66,"href":"https:\/\/hauzenberg-aktiv.de\/index.php?rest_route=\/wp\/v2\/pages\/30\/revisions"}],"predecessor-version":[{"id":2652,"href":"https:\/\/hauzenberg-aktiv.de\/index.php?rest_route=\/wp\/v2\/pages\/30\/revisions\/2652"}],"wp:featuredmedia":[{"embeddable":true,"href":"https:\/\/hauzenberg-aktiv.de\/index.php?rest_route=\/wp\/v2\/media\/1200"}],"wp:attachment":[{"href":"https:\/\/hauzenberg-aktiv.de\/index.php?rest_route=%2Fwp%2Fv2%2Fmedia&parent=30"}],"curies":[{"name":"wp","href":"https:\/\/api.w.org\/{rel}","templated":true}]}}