{"id":41,"date":"2017-12-25T23:36:52","date_gmt":"2017-12-25T22:36:52","guid":{"rendered":"http:\/\/127.0.0.1\/wordpress\/?page_id=41"},"modified":"2018-01-27T22:07:21","modified_gmt":"2018-01-27T21:07:21","slug":"ueber-uns","status":"publish","type":"page","link":"https:\/\/hauzenberg-aktiv.de\/?page_id=41","title":{"rendered":"\u00dcber uns"},"content":{"rendered":"<div class=\"wpb-content-wrapper\"><p>[vc_row heading_color=&#8220;grey&#8220; bg_type=&#8220;color&#8220; header_feature=&#8220;yes&#8220; padding_top=&#8220;80&#8243; padding_bottom=&#8220;80&#8243; margin_bottom=&#8220;0&#8243; bg_color=&#8220;#313340&#8243;][vc_column]<h2 class=\"eut-element eut-typed-text eut-align-left\" style=\"\">    <span class=\"eut-typed-text-prefix\"> Aktiv sein und<\/span>    <span class=\"eut-animated-text eut-color-white\">    \t<span id=\"eut-typed-item-69e343d6b7c27\"><\/span>    <\/span>    <span class=\"eut-typed-text-suffix\"> <\/span><script type=\"text\/javascript\">\r\n\t\t\t\tjQuery(function($){ $(\"#eut-typed-item-69e343d6b7c27\").typed({\r\n\t\t\t\t\tstrings: [\"f\u00fcr Hauzenberg Akzente setzen\",\"Hauzenberg ins Gespr\u00e4ch bringen\",\"sich einbringen\",\"wenn n\u00f6tig auch einmischen da wo es sein muss\"],\r\n\t\t\t\t\ttypeSpeed: 100,\r\n\t\t\t\t\tbackSpeed: 80,\r\n\t\t\t\t\tstartDelay: 0,\r\n\t\t\t\t\tbackDelay: 500,\r\n\t\t\t\t\tloop: true,\r\n\t\t\t\t\tloopCount: false,\r\n\t\t\t\t\tshowCursor: true,\r\n\t\t\t\t\tcursorChar: \"_\",\r\n\t\t\t\t\tattr: null\r\n\t\t\t\t});\r\n\t\t\t});\r\n\t\t<\/script><\/h2>[\/vc_column][\/vc_row][vc_row heading_color=&#8220;light&#8220; bg_type=&#8220;color&#8220; footer_feature=&#8220;yes&#8220; margin_bottom=&#8220;0&#8243; font_color=&#8220;#c6c6c6&#8243; bg_color=&#8220;#666666&#8243; padding_top=&#8220;100&#8243; padding_bottom=&#8220;100&#8243;][vc_column]<h1 class=\"eut-element eut-align-left eut-title-line\" style=\"margin-bottom: 12px;\"><span>Wof\u00fcr wir uns einsetzen<\/span><\/h1>[\/vc_column][vc_column width=&#8220;1\/2&#8243;][vc_column_text]<\/p>\n<p style=\"text-align: justify;\">H! Hauzenberg aktiv, 1972 als Werbegemeinschaft gestartet zum Zweck, eine Weihnachtsbeleuchtung anzuschaffen, hat sich in den letzten Jahren enorm entwickelt. Mittlerweile versteht sich der Verein nicht mehr als Werbegemeinschaft, sondern als Wirtschaftsverbund. Auch ist die Intention eine andere: Hat man fr\u00fcher noch den Schwerpunkt auf der Organisation von drei verkaufsoffenen Sonntagen gelegt, so haben sich die Zielsetzungen heute um ein Vielfaches erweitert. Die Entwicklung der Stadt Hauzenberg mit allen Orten drum herum ist ins Zentrum der Anstrengungen ger\u00fcckt, nat\u00fcrlich nie ohne die Interessen der Gewerbetreibenden aus dem Stadtgebiet zu vernachl\u00e4ssigen.<\/p>\n<p>Mit vielen Aktionen das ganze Jahr \u00fcber, die mehr sein sollen als Aktionismus f\u00fcr den Moment, versucht die Vorstandschaft, Hauzenberg etwas zu bieten &#8211; nicht nur den Einwohnern der Stadt und der dazugeh\u00f6rigen Orte, auch \u00fcberregional will man Besucher in die Heimat locken. Ein St\u00fcck weit ist H! Hauzenberg aktiv auch zum City-Management geworden, das selbstredend auch Einfluss auf Tourismus haben kann. Die Steilvorlage hat H! Hauzenberg aktiv\u00a0mit dem gegl\u00fcckten Weltrekord &#8222;Stadt der 1000 Engel&#8220; gegeben. Ein Vorhaben, das PR-Wellen in ganz Bayern und weit dar\u00fcber hinaus geschlagen hat.[\/vc_column_text][\/vc_column][vc_column width=&#8220;1\/2&#8243;]<div class=\"eut-element eut-dropcap\" style=\"\"><p><span class=\"eut-style-1 eut-bg-primary-1\">N<\/span>at\u00fcrlich sind die verkaufsoffenen Tage immer noch ein kleiner Teil der Aufgabenstellung, die H! Hauzenberg aktiv erf\u00fcllt. Daneben sind auch der mittlerweile traditionelle Christkindlmarkt am Kirchplatz am dritten Adventswochenende, Aktionen im Sommer und aktive Mitwirkung an Festen und Vorhaben anderer Organisationen fester Bestandteil der Agenda. Akzente will man setzen, Hauzenberg ins Gespr\u00e4ch bringen, sich einbringen, und wenn n\u00f6tig auch einmischen, da, wo es sein muss. Aktiv will man eben sein &#8211; so wie es der Name des Vereins bereits ank\u00fcndigt. Besonders viel Wert legt der Vorstand auf \u00fcberregionale Zusammenarbeit mit Orten und Gemeinden aus der Region, um sich als Gegengewicht gegen die vermeintlichen Einkaufstempel und Konsumpal\u00e4ste zu positionieren. Die erfolgreiche Einf\u00fchrung des Regionalmagazins umg\u2032schaut war ein erster Schritt in eine gemeinsame, erfolgreiche Zukunft. Eine engere Kooperation mit den Gemeinden der Region soll und wird folgen.<\/p>\n<p>H! Hauzenberg aktiv ist auf dem richtigen Weg in eine starke Zukunft. Viele der neuen Mitglieder wollen auch dabei sein in der Gemeinschaft der &#8222;Aktiven Hauzenberger&#8220;; diese Bezeichnung wird \u00fcbrigens von neidvollen Kritikern und scheelen Missg\u00fcnstigen bisweilen herablassend als Schimpfwort genutzt. F\u00fcr H! Hauzenberg aktiv kann dies nur ein Ansporn sein, nicht nur zu reden, sondern zu handeln. Und viele sehen das ebenso und honorieren mit ihrem Beitritt das enorme Engagement, das von allen ehrenamtlich in der Freizeit mit einem sehr kleinen Budget vorangetrieben wird.<\/p><\/div>[vc_column_text]Sie wollen auch Mitglied werden und den Wirtschaftsverbund H! Hauzenberg aktiv unterst\u00fctzen?\u00a0<a class=\"normal\" href=\"http:\/\/hauzenberg-aktiv.de\/?page_id=790\">Hier<\/a>\u00a0finden Sie die n\u00f6tigen Unterlagen.[\/vc_column_text][\/vc_column][\/vc_row]<\/p>\n<\/div>","protected":false},"excerpt":{"rendered":"<p>[vc_row heading_color=&#8220;grey&#8220; bg_type=&#8220;color&#8220; header_feature=&#8220;yes&#8220; padding_top=&#8220;80&#8243; padding_bottom=&#8220;80&#8243; margin_bottom=&#8220;0&#8243; bg_color=&#8220;#313340&#8243;][vc_column][\/vc_column][\/vc_row][vc_row heading_color=&#8220;light&#8220; bg_type=&#8220;color&#8220; footer_feature=&#8220;yes&#8220; margin_bottom=&#8220;0&#8243; font_color=&#8220;#c6c6c6&#8243; bg_color=&#8220;#666666&#8243; padding_top=&#8220;100&#8243; padding_bottom=&#8220;100&#8243;][vc_column][\/vc_column][vc_column width=&#8220;1\/2&#8243;][vc_column_text] H! Hauzenberg aktiv, 1972 als Werbegemeinschaft gestartet zum Zweck, eine Weihnachtsbeleuchtung anzuschaffen, hat sich in den letzten Jahren enorm entwickelt. Mittlerweile versteht sich der Verein nicht mehr als Werbegemeinschaft, sondern als Wirtschaftsverbund. Auch ist die Intention eine andere: [&hellip;]<\/p>\n","protected":false},"author":1,"featured_media":0,"parent":0,"menu_order":2,"comment_status":"closed","ping_status":"closed","template":"","meta":{"footnotes":""},"class_list":["post-41","page","type-page","status-publish","hentry"],"_links":{"self":[{"href":"https:\/\/hauzenberg-aktiv.de\/index.php?rest_route=\/wp\/v2\/pages\/41","targetHints":{"allow":["GET"]}}],"collection":[{"href":"https:\/\/hauzenberg-aktiv.de\/index.php?rest_route=\/wp\/v2\/pages"}],"about":[{"href":"https:\/\/hauzenberg-aktiv.de\/index.php?rest_route=\/wp\/v2\/types\/page"}],"author":[{"embeddable":true,"href":"https:\/\/hauzenberg-aktiv.de\/index.php?rest_route=\/wp\/v2\/users\/1"}],"replies":[{"embeddable":true,"href":"https:\/\/hauzenberg-aktiv.de\/index.php?rest_route=%2Fwp%2Fv2%2Fcomments&post=41"}],"version-history":[{"count":37,"href":"https:\/\/hauzenberg-aktiv.de\/index.php?rest_route=\/wp\/v2\/pages\/41\/revisions"}],"predecessor-version":[{"id":1180,"href":"https:\/\/hauzenberg-aktiv.de\/index.php?rest_route=\/wp\/v2\/pages\/41\/revisions\/1180"}],"wp:attachment":[{"href":"https:\/\/hauzenberg-aktiv.de\/index.php?rest_route=%2Fwp%2Fv2%2Fmedia&parent=41"}],"curies":[{"name":"wp","href":"https:\/\/api.w.org\/{rel}","templated":true}]}}