{"id":788,"date":"2018-01-09T21:15:52","date_gmt":"2018-01-09T20:15:52","guid":{"rendered":"http:\/\/127.0.0.1\/wordpress\/?page_id=788"},"modified":"2023-11-12T20:47:57","modified_gmt":"2023-11-12T19:47:57","slug":"impressum","status":"publish","type":"page","link":"https:\/\/hauzenberg-aktiv.de\/?page_id=788","title":{"rendered":"Impressum und Datenschutzerkl\u00e4rung"},"content":{"rendered":"<div class=\"wpb-content-wrapper\"><p>[vc_row heading_color=&#8220;grey&#8220; bg_type=&#8220;image&#8220; bg_image=&#8220;1202&#8243; header_feature=&#8220;yes&#8220; padding_top=&#8220;170&#8243; padding_bottom=&#8220;170&#8243; margin_bottom=&#8220;0&#8243;][vc_column][\/vc_column][\/vc_row][vc_row padding_top=&#8220;50&#8243;][vc_column]<h3 class=\"eut-element eut-align-left eut-title-line\" style=\"\"><span>Impressum<\/span><\/h3>[\/vc_column][\/vc_row][vc_row][vc_column width=&#8220;1\/2&#8243;]<h6 class=\"eut-element eut-align-left eut-title-double-line\" style=\"\"><span>Angaben gem\u00e4\u00df \u00a7 5 TMG<\/span><\/h6>[vc_column_text]<span class=\"content\">Hauzenberg aktiv e. V.<\/span><br \/>\nMarktplatz 5<br \/>\n<span class=\"content\">94051 Hauzenberg<\/span>[\/vc_column_text]<h6 class=\"eut-element eut-align-left eut-title-double-line\" style=\"\"><span>Vertreten durch<\/span><\/h6>[vc_column_text]Andre D\u00fcnnbier[\/vc_column_text]<h6 class=\"eut-element eut-align-left eut-title-double-line\" style=\"\"><span>Kontakt<\/span><\/h6>[vc_column_text]<span class=\"content\">fon 08586 1530<\/span><br \/>\n<span class=\"content\">fax 08586 1508<\/span><br \/>\n<span class=\"content\">i&#110;&#102;&#x6f;&#x40;&#x68;au&#122;&#101;&#x6e;&#x62;&#x65;r&#103;&#45;&#97;&#x6b;&#x74;&#x69;v&#46;&#100;&#x65;<\/span>[\/vc_column_text][\/vc_column][vc_column width=&#8220;1\/2&#8243;]<h6 class=\"eut-element eut-align-left eut-title-double-line\" style=\"\"><span>Registereintrag<\/span><\/h6>[vc_column_text]<\/p>\n<p class=\"p1\"><span class=\"content\">Eintragung im Vereinsregister<\/span><br \/>\n<span class=\"content\">Registergericht Passau<\/span><br \/>\n<span class=\"content\">Registernummer VR 1711<\/span><\/p>\n<p>[\/vc_column_text]<h6 class=\"eut-element eut-align-left eut-title-double-line\" style=\"\"><span>Verantwortlich fu\u0308r den Inhalt nach \u00a7 55 Abs. 2 RStV<\/span><\/h6>[vc_column_text]<\/p>\n<p class=\"p1\">Andre D\u00fcnnbier<br \/>\nMarktplatz 5<br \/>\n<span class=\"content\">94051 Hauzenberg<\/span><\/p>\n<p>[\/vc_column_text]<h6 class=\"eut-element eut-align-left eut-title-double-line\" style=\"\"><span>Konzept, Design und Umsetzung der Webseite<\/span><\/h6>[vc_column_text]<span class=\"content\">Jellbauer Creative Design<\/span>[\/vc_column_text][\/vc_column][\/vc_row][vc_row padding_top=&#8220;30&#8243;][vc_column]<h6 class=\"eut-element eut-align-left eut-title-double-line\" style=\"\"><span>Streitschlichtung<\/span><\/h6>[vc_column_text]<span class=\"content\">Wir sind nicht bereit oder verpflichtet, an Streitbeilegungsverfahren vor einer Verbraucherschlichtungsstelle teilzunehmen.<\/span>[\/vc_column_text]<h6 class=\"eut-element eut-align-left eut-title-double-line\" style=\"\"><span>Haftung fu\u0308r Inhalte<\/span><\/h6>[vc_column_text]<span class=\"content\">Als Diensteanbieter sind wir gem\u00e4\u00df \u00a7 7 Abs.1 TMG fu\u0308r eigene Inhalte auf diesen Seiten nach den allgemeinen Gesetzen verantwortlich. Nach \u00a7\u00a7 8 bis 10 TMG sind wir als Diensteanbieter jedoch nicht verpflichtet, u\u0308bermittelte oder gespeicherte fremde Informationen zu u\u0308berwachen oder nach Umst\u00e4nden zu forschen, die auf eine rechtswidrige T\u00e4tigkeit hinweisen.<\/span><br \/>\n<span class=\"content\">Verpflichtungen zur Entfernung oder Sperrung der Nutzung von Informationen nach den allgemeinen Gesetzen bleiben hiervon unberu\u0308hrt. Eine diesbezu\u0308gliche Haftung ist jedoch erst ab dem Zeitpunkt der Kenntnis einer konkreten Rechtsverletzung m\u00f6glich. Bei Bekanntwerden von entsprechenden Rechtsverletzungen werden wir diese Inhalte umgehend entfernen.<\/span>[\/vc_column_text]<h6 class=\"eut-element eut-align-left eut-title-double-line\" style=\"\"><span>Haftung fu\u0308r Links<\/span><\/h6>[vc_column_text]<span class=\"content\">Unser Angebot enth\u00e4lt Links zu externen Webseiten Dritter, auf deren Inhalte wir keinen Einfluss haben. Deshalb k\u00f6nnen wir fu\u0308r diese fremden Inhalte auch keine Gew\u00e4hr u\u0308bernehmen. Fu\u0308r die Inhalte der verlinkten Seiten ist stets der jeweilige Anbieter oder Betreiber der Seiten verantwortlich. Die verlinkten Seiten wurden zum Zeitpunkt der Verlinkung auf m\u00f6gliche Rechtsverst\u00f6\u00dfe u\u0308berpru\u0308ft. Rechtswidrige Inhalte waren zum Zeitpunkt der Verlinkung nicht erkennbar.<\/span><br \/>\n<span class=\"content\">Eine permanente inhaltliche Kontrolle der verlinkten Seiten ist jedoch ohne konkrete Anhaltspunkte einer Rechtsverletzung nicht zumutbar. Bei Bekanntwerden von Rechtsverletzungen werden wir derartige Links umgehend entfernen.<\/span>[\/vc_column_text]<h6 class=\"eut-element eut-align-left eut-title-double-line\" style=\"\"><span>Urheberrecht<\/span><\/h6>[vc_column_text]<span class=\"content\">Die durch die Seitenbetreiber erstellten Inhalte und Werke auf diesen Seiten unterliegen dem deutschen Urheberrecht. Die Vervielf\u00e4ltigung, Bearbeitung, Verbreitung und jede Art der Verwertung au\u00dferhalb der Grenzen des Urheberrechtes bedu\u0308rfen der schriftlichen Zustimmung des jeweiligen Autors bzw. Erstellers. Downloads und Kopien dieser Seite sind nur fu\u0308r den privaten, nicht kommerziellen Gebrauch gestattet.<\/span><br \/>\n<span class=\"content\">Soweit die Inhalte auf dieser Seite nicht vom Betreiber erstellt wurden, werden die Urheberrechte Dritter beachtet. Insbesondere werden Inhalte Dritter als solche gekennzeichnet. Sollten Sie trotzdem auf eine Urheberrechtsverletzung aufmerksam werden, bitten wir um einen entsprechenden Hinweis. Bei Bekanntwerden von Rechtsverletzungen werden wir derartige Inhalte umgehend entfernen.<\/span>[\/vc_column_text][\/vc_column][\/vc_row][vc_row][vc_column]<h3 class=\"eut-element eut-align-left eut-title-line\" style=\"\"><span>Datenschutzerkl\u00e4rung<\/span><\/h3>[\/vc_column][\/vc_row][vc_row][vc_column]<h6 class=\"eut-element eut-align-left eut-title-double-line\" style=\"\"><span>Datenschutz<\/span><\/h6>[vc_column_text]<span class=\"content\">Die Betreiber dieser Seiten nehmen den Schutz Ihrer pers\u00f6nlichen Daten sehr ernst. Wir behandeln Ihre personenbezogenen Daten vertraulich und entsprechend der gesetzlichen Datenschutzvorschriften sowie dieser Datenschutzerkl\u00e4rung.<\/span><br \/>\n<span class=\"content\">Die Nutzung unserer Webseite ist in der Regel ohne Angabe personenbezogener Daten m\u00f6glich. Soweit auf unseren Seiten personenbezogene Daten (beispielsweise Name, Anschrift oder E-Mail-Adressen) erhoben werden, erfolgt dies, soweit m\u00f6glich, stets auf freiwilliger Basis. Diese Daten werden ohne Ihre ausdru\u0308ckliche Zustimmung nicht an Dritte weitergegeben.<\/span><br \/>\n<span class=\"content\">Wir weisen darauf hin, dass die Datenu\u0308bertragung im Internet (z.B. bei der Kommunikation per E-Mail) Sicherheitslu\u0308cken aufweisen kann. Ein lu\u0308ckenloser Schutz der Daten vor dem Zugriff durch Dritte ist nicht m\u00f6glich.<\/span>[\/vc_column_text]<h6 class=\"eut-element eut-align-left eut-title-double-line\" style=\"\"><span>Cookies<\/span><\/h6>[vc_column_text]<span class=\"content\">Die Internetseiten verwenden teilweise so genannte Cookies. Cookies richten auf Ihrem Rechner keinen Schaden an und enthalten keine Viren. Cookies dienen dazu, unser Angebot nutzerfreundlicher, effektiver und sicherer zu machen. Cookies sind kleine Textdateien, die auf Ihrem Rechner abgelegt werden und die Ihr Browser speichert.<br \/>\n<\/span><span class=\"content\">Die meisten der von uns verwendeten Cookies sind so genannte \u201eSession-Cookies\u201c. Sie werden nach Ende Ihres Besuchs automatisch gel\u00f6scht. Andere Cookies bleiben auf Ihrem Endger\u00e4t gespeichert, bis Sie diese l\u00f6schen. Diese Cookies erm\u00f6glichen es uns, Ihren Browser beim n\u00e4chsten Besuch wiederzuerkennen.<br \/>\n<\/span><span class=\"content\">Sie k\u00f6nnen Ihren Browser so einstellen, dass Sie u\u0308ber das Setzen von Cookies informiert werden und Cookies nur im Einzelfall erlauben, die Annahme von Cookies fu\u0308r bestimmte F\u00e4lle oder generell ausschlie\u00dfen sowie das automatische L\u00f6schen der Cookies beim Schlie\u00dfen des Browser aktivieren. Bei der Deaktivierung von Cookies kann die Funktionalit\u00e4t dieser Website eingeschr\u00e4nkt sein.<\/span>[\/vc_column_text]<h6 class=\"eut-element eut-align-left eut-title-double-line\" style=\"\"><span>Server-Log-Files<\/span><\/h6>[vc_column_text]<span class=\"content\">Der Provider der Seiten erhebt und speichert automatisch Informationen in so genannten Server-Log Files, die Ihr Browser automatisch an uns u\u0308bermittelt. Dies sind:<\/span><\/p>\n<ul>\n<li class=\"p1\">Browsertyp und Browserversion<\/li>\n<li class=\"p1\">verwendetes Betriebssystem<\/li>\n<li class=\"p1\">Referrer URL<\/li>\n<li class=\"p1\">Hostname des zugreifenden Rechners<\/li>\n<li class=\"p1\">Uhrzeit der Serveranfrage<\/li>\n<\/ul>\n<p><span class=\"content\">Diese Daten sind nicht bestimmten Personen zuordenbar. Eine Zusammenfu\u0308hrung dieser Daten mit anderen Datenquellen wird nicht vorgenommen. Wir behalten uns vor, diese Daten nachtr\u00e4glich zu pru\u0308fen, wenn uns konkrete Anhaltspunkte fu\u0308r eine rechtswidrige Nutzung bekannt werden.<\/span>[\/vc_column_text]<h6 class=\"eut-element eut-align-left eut-title-double-line\" style=\"\"><span>Kontaktformular<\/span><\/h6>[vc_column_text]<\/p>\n<p class=\"p1\">Wenn Sie uns per Kontaktformular Anfragen zukommen lassen, werden Ihre Angaben aus dem Anfrageformular inklusive der von Ihnen dort angegebenen Kontaktdaten zwecks Bearbeitung der Anfrage und fu\u0308r den Fall von Anschlussfragen bei uns gespeichert. Diese Daten geben wir nicht ohne Ihre Einwilligung weiter.<\/p>\n<p>[\/vc_column_text]<h6 class=\"eut-element eut-align-left eut-title-double-line\" style=\"\"><span>Google Analytics<\/span><\/h6>[vc_column_text]<span class=\"content\">Diese Website nutzt Funktionen des Webanalysedienstes Google Analytics. Anbieter ist die Google Inc., 1600 Amphitheatre Parkway Mountain View, CA 94043, USA.<br \/>\nGoogle Analytics verwendet so genannte &#8222;Cookies&#8220;. Das sind Textdateien, die auf Ihrem Computer gespeichert werden und die eine Analyse der Benutzung der Website durch Sie erm\u00f6glichen. Die durch den Cookie erzeugten Informationen u\u0308ber Ihre Benutzung dieser Website werden in der Regel an einen Server von Google in den USA u\u0308bertragen und dort gespeichert.<\/span>[\/vc_column_text][vc_column_text]<span class=\"content\"><strong>Browser Plugin<\/strong><\/span><br \/>\n<span class=\"content\">Sie k\u00f6nnen die Speicherung der Cookies durch eine entsprechende Einstellung Ihrer Browser-Software verhindern; wir weisen Sie jedoch darauf hin, dass Sie in diesem Fall gegebenenfalls nicht s\u00e4mtliche Funktionen dieser Website vollumf\u00e4nglich werden nutzen k\u00f6nnen. Sie k\u00f6nnen daru\u0308ber hinaus die Erfassung der durch den Cookie erzeugten und auf Ihre Nutzung der Website bezogenen Daten (inkl. Ihrer IP-Adresse) an Google sowie die Verarbeitung dieser Daten durch Google verhindern, indem Sie das unter dem folgenden Link verfu\u0308gbare Browser-Plugin herunterladen und installieren:<\/span><br \/>\n<span class=\"content\">https:\/\/tools.google.com\/dlpage\/gaoptout?hl=de<\/span>[\/vc_column_text]<h6 class=\"eut-element eut-align-left eut-title-double-line\" style=\"\"><span>Recht auf Auskunft, L\u00f6schung, Sperrung<\/span><\/h6>[vc_column_text]<\/p>\n<p class=\"p1\">Sie haben jederzeit das Recht auf unentgeltliche Auskunft u\u0308ber Ihre gespeicherten personenbezogenen Daten, deren Herkunft und Empf\u00e4nger und den Zweck der Datenverarbeitung sowie ein Recht auf Berichtigung, Sperrung oder L\u00f6schung dieser Daten. Hierzu sowie zu weiteren Fragen zum Thema personenbezogene Daten k\u00f6nnen Sie sich jederzeit unter der im Impressum angegebenen Adresse an uns wenden.<\/p>\n<p>[\/vc_column_text]<h6 class=\"eut-element eut-align-left eut-title-double-line\" style=\"\"><span>Widerspruch Werbe-Mails<\/span><\/h6>[vc_column_text]<\/p>\n<p class=\"p1\">Der Nutzung von im Rahmen der Impressumspflicht ver\u00f6ffentlichten Kontaktdaten zur \u00dcbersendung von nicht ausdru\u0308cklich angeforderter Werbung und Informationsmaterialien wird hiermit widersprochen. Die Betreiber der Seiten behalten sich ausdru\u0308cklich rechtliche Schritte im Falle der unverlangten Zusendung von Werbeinformationen, etwa durch Spam-E-Mails, vor.<\/p>\n<p>[\/vc_column_text][\/vc_column][\/vc_row]<\/p>\n<\/div>","protected":false},"excerpt":{"rendered":"<p>[vc_row heading_color=&#8220;grey&#8220; bg_type=&#8220;image&#8220; bg_image=&#8220;1202&#8243; header_feature=&#8220;yes&#8220; padding_top=&#8220;170&#8243; padding_bottom=&#8220;170&#8243; margin_bottom=&#8220;0&#8243;][vc_column][\/vc_column][\/vc_row][vc_row padding_top=&#8220;50&#8243;][vc_column][\/vc_column][\/vc_row][vc_row][vc_column width=&#8220;1\/2&#8243;][vc_column_text]Hauzenberg aktiv e. V. Marktplatz 5 94051 Hauzenberg[\/vc_column_text][vc_column_text]Andre D\u00fcnnbier[\/vc_column_text][vc_column_text]fon 08586 1530 fax 08586 1508 &#x69;&#110;&#102;o&#x40;&#x68;&#97;u&#x7a;&#x65;&#110;b&#x65;&#x72;&#103;-&#x61;&#x6b;&#116;i&#x76;&#x2e;&#100;e[\/vc_column_text][\/vc_column][vc_column width=&#8220;1\/2&#8243;][vc_column_text] Eintragung im Vereinsregister Registergericht Passau Registernummer VR 1711 [\/vc_column_text][vc_column_text] Andre D\u00fcnnbier Marktplatz 5 94051 Hauzenberg [\/vc_column_text][vc_column_text]Jellbauer Creative Design[\/vc_column_text][\/vc_column][\/vc_row][vc_row padding_top=&#8220;30&#8243;][vc_column][vc_column_text]Wir sind nicht bereit oder verpflichtet, an Streitbeilegungsverfahren vor einer Verbraucherschlichtungsstelle teilzunehmen.[\/vc_column_text][vc_column_text]Als [&hellip;]<\/p>\n","protected":false},"author":1,"featured_media":0,"parent":0,"menu_order":9,"comment_status":"closed","ping_status":"closed","template":"","meta":{"footnotes":""},"class_list":["post-788","page","type-page","status-publish","hentry"],"_links":{"self":[{"href":"https:\/\/hauzenberg-aktiv.de\/index.php?rest_route=\/wp\/v2\/pages\/788","targetHints":{"allow":["GET"]}}],"collection":[{"href":"https:\/\/hauzenberg-aktiv.de\/index.php?rest_route=\/wp\/v2\/pages"}],"about":[{"href":"https:\/\/hauzenberg-aktiv.de\/index.php?rest_route=\/wp\/v2\/types\/page"}],"author":[{"embeddable":true,"href":"https:\/\/hauzenberg-aktiv.de\/index.php?rest_route=\/wp\/v2\/users\/1"}],"replies":[{"embeddable":true,"href":"https:\/\/hauzenberg-aktiv.de\/index.php?rest_route=%2Fwp%2Fv2%2Fcomments&post=788"}],"version-history":[{"count":63,"href":"https:\/\/hauzenberg-aktiv.de\/index.php?rest_route=\/wp\/v2\/pages\/788\/revisions"}],"predecessor-version":[{"id":2470,"href":"https:\/\/hauzenberg-aktiv.de\/index.php?rest_route=\/wp\/v2\/pages\/788\/revisions\/2470"}],"wp:attachment":[{"href":"https:\/\/hauzenberg-aktiv.de\/index.php?rest_route=%2Fwp%2Fv2%2Fmedia&parent=788"}],"curies":[{"name":"wp","href":"https:\/\/api.w.org\/{rel}","templated":true}]}}